{"id":17,"date":"2025-01-17T22:41:00","date_gmt":"2025-01-17T21:41:00","guid":{"rendered":"http:\/\/www.jeanmauricebosc.com\/?page_id=17"},"modified":"2025-01-17T23:16:31","modified_gmt":"2025-01-17T22:16:31","slug":"contact-2","status":"publish","type":"page","link":"https:\/\/www.jeanmauricebosc.com\/index.php\/contact-2\/","title":{"rendered":"Contact"},"content":{"rendered":"\n<div style=\"height:156px\" aria-hidden=\"true\" class=\"wp-block-spacer\"><\/div>\n\n\n\n<div class=\"wp-block-group has-global-padding is-layout-constrained wp-block-group-is-layout-constrained\">\n<div class=\"wp-block-columns is-layout-flex wp-container-core-columns-is-layout-d7d455e7 wp-block-columns-is-layout-flex\" style=\"padding-top:0;padding-right:0;padding-bottom:0;padding-left:0\">\n<div class=\"wp-block-column is-vertically-aligned-top is-layout-flow wp-block-column-is-layout-flow\" style=\"padding-right:7%;flex-basis:50%\">\n<h3 class=\"wp-block-heading has-text-align-center has-large-font-size\"><strong>Contact Officiel du dessinateur humoriste Bosc<\/strong><\/h3>\n\n\n\n<p><em><strong>Alain , Mich\u00e8le, G\u00e9rald et Jo\u00eblle DAMMAN, neveux et ni\u00e8ces de Jean-Maurice BOSC, sont heureux de vous accueillir sur son site officiel, et vous remercient de l&#8217;int\u00e9r\u00eat que vous portez \u00e0 son \u0153uvre.<\/strong><\/em><\/p>\n\n\n\n<p><\/p>\n\n\n\n<p><em><strong>Pour vos demandes de droits de reproduction, d&#8217; achats d&#8217; originaux; dont vous trouverez la liste dans la rubrique &#8220;exposition&#8221;, pour exposer les dessins de BOSC et, en g\u00e9n\u00e9ral, pour tout ce qui concerne l&#8217; oeuvre de Bosc, voici nos coordonn\u00e9es :<\/strong><\/em><br><\/p>\n<\/div>\n\n\n\n<div class=\"wp-block-column is-vertically-aligned-top is-layout-flow wp-block-column-is-layout-flow\" style=\"flex-basis:50%\">\n<figure class=\"wp-block-image aligncenter size-full\"><img loading=\"lazy\" decoding=\"async\" width=\"322\" height=\"600\" src=\"http:\/\/www.jeanmauricebosc.com\/wp-content\/uploads\/2025\/01\/marechal2.jpg\" alt=\"\" class=\"wp-image-41\" srcset=\"https:\/\/www.jeanmauricebosc.com\/wp-content\/uploads\/2025\/01\/marechal2.jpg 322w, https:\/\/www.jeanmauricebosc.com\/wp-content\/uploads\/2025\/01\/marechal2-161x300.jpg 161w\" sizes=\"auto, (max-width: 322px) 100vw, 322px\" \/><\/figure>\n<\/div>\n<\/div>\n\n\n\n<div style=\"height:135px\" aria-hidden=\"true\" class=\"wp-block-spacer\"><\/div>\n<\/div>\n\n\n\n<div class=\"wp-block-group alignfull has-global-padding is-layout-constrained wp-container-core-group-is-layout-19e250f3 wp-block-group-is-layout-constrained\"><\/div>\n\n\n\n<div class=\"wp-block-group alignfull has-background has-global-padding is-layout-constrained wp-block-group-is-layout-constrained\" style=\"background-color:#f9f9f9\">\n<div class=\"wp-block-group is-layout-flow wp-block-group-is-layout-flow\">\n<div style=\"height:69px\" aria-hidden=\"true\" class=\"wp-block-spacer\"><\/div>\n\n\n\n<div class=\"wp-block-columns is-layout-flex wp-container-core-columns-is-layout-28f84493 wp-block-columns-is-layout-flex\">\n<div class=\"wp-block-column is-layout-flow wp-block-column-is-layout-flow\">\n<p class=\"has-text-align-left has-text-color\" style=\"color:#0bb4aa\">WHERE ARE WE LOCATED<\/p>\n\n\n\n<h2 class=\"wp-block-heading has-text-align-left has-large-font-size\">Our Locations<\/h2>\n\n\n\n<div class=\"wp-block-columns is-layout-flex wp-container-core-columns-is-layout-28f84493 wp-block-columns-is-layout-flex\">\n<div class=\"wp-block-column is-layout-flow wp-block-column-is-layout-flow\">\n<p style=\"line-height:2.5\">Amsterdam<br>Munich<br>Brussels<br>Hong Kong<br>Barcelona<\/p>\n<\/div>\n\n\n\n<div class=\"wp-block-column is-layout-flow wp-block-column-is-layout-flow\">\n<p style=\"line-height:2.5\">New York<br>Paris<br>San Francisco<br>Sydney<br>Tokyo<\/p>\n<\/div>\n<\/div>\n<\/div>\n\n\n\n<div class=\"wp-block-column is-layout-flow wp-block-column-is-layout-flow\">\n<figure class=\"wp-block-image size-large\"><img decoding=\"async\" src=\"http:\/\/www.jeanmauricebosc.com\/wp-content\/themes\/inspiro\/assets\/images\/map.png\" alt=\"\" class=\"wp-image-5640\"\/><\/figure>\n<\/div>\n<\/div>\n\n\n\n<div style=\"height:52px\" aria-hidden=\"true\" class=\"wp-block-spacer\"><\/div>\n<\/div>\n<\/div>\n\n\n\n<div class=\"wp-block-group has-global-padding is-layout-constrained wp-block-group-is-layout-constrained\">\n<div style=\"height:33px\" aria-hidden=\"true\" class=\"wp-block-spacer\"><\/div>\n\n\n\n<div style=\"height:45px\" aria-hidden=\"true\" class=\"wp-block-spacer\"><\/div>\n<\/div>\n","protected":false},"excerpt":{"rendered":"<p>Contact Officiel du dessinateur humoriste Bosc Alain , Mich\u00e8le, G\u00e9rald et Jo\u00eblle DAMMAN, neveux et ni\u00e8ces de Jean-Maurice BOSC, sont heureux de vous accueillir sur son site officiel, et vous remercient de l&#8217;int\u00e9r\u00eat que vous portez \u00e0 son \u0153uvre. Pour vos demandes de droits de reproduction, d&#8217; achats d&#8217; originaux; dont vous trouverez la liste &hellip; <\/p>\n<p class=\"link-more\"><a href=\"https:\/\/www.jeanmauricebosc.com\/index.php\/contact-2\/\" class=\"more-link\">Read more<span class=\"screen-reader-text\"> &#8220;Contact&#8221;<\/span><\/a><\/p>\n","protected":false},"author":1,"featured_media":14,"parent":0,"menu_order":0,"comment_status":"closed","ping_status":"closed","template":"","meta":{"footnotes":""},"class_list":["post-17","page","type-page","status-publish","has-post-thumbnail","hentry"],"_links":{"self":[{"href":"https:\/\/www.jeanmauricebosc.com\/index.php\/wp-json\/wp\/v2\/pages\/17","targetHints":{"allow":["GET"]}}],"collection":[{"href":"https:\/\/www.jeanmauricebosc.com\/index.php\/wp-json\/wp\/v2\/pages"}],"about":[{"href":"https:\/\/www.jeanmauricebosc.com\/index.php\/wp-json\/wp\/v2\/types\/page"}],"author":[{"embeddable":true,"href":"https:\/\/www.jeanmauricebosc.com\/index.php\/wp-json\/wp\/v2\/users\/1"}],"replies":[{"embeddable":true,"href":"https:\/\/www.jeanmauricebosc.com\/index.php\/wp-json\/wp\/v2\/comments?post=17"}],"version-history":[{"count":3,"href":"https:\/\/www.jeanmauricebosc.com\/index.php\/wp-json\/wp\/v2\/pages\/17\/revisions"}],"predecessor-version":[{"id":42,"href":"https:\/\/www.jeanmauricebosc.com\/index.php\/wp-json\/wp\/v2\/pages\/17\/revisions\/42"}],"wp:featuredmedia":[{"embeddable":true,"href":"https:\/\/www.jeanmauricebosc.com\/index.php\/wp-json\/wp\/v2\/media\/14"}],"wp:attachment":[{"href":"https:\/\/www.jeanmauricebosc.com\/index.php\/wp-json\/wp\/v2\/media?parent=17"}],"curies":[{"name":"wp","href":"https:\/\/api.w.org\/{rel}","templated":true}]}}